{"id":2400,"date":"2026-03-31T09:47:43","date_gmt":"2026-03-31T14:47:43","guid":{"rendered":"https:\/\/www.revista.icidca.azcuba.cu\/?page_id=2400"},"modified":"2026-03-31T10:27:43","modified_gmt":"2026-03-31T15:27:43","slug":"2400-2","status":"publish","type":"page","link":"https:\/\/www.revista.icidca.azcuba.cu\/?page_id=2400","title":{"rendered":""},"content":{"rendered":"\n<p><strong>Vol. 60, No. 1 \u2013 enero &#8211; abril &#8211; 2026<\/strong><\/p>\n\n\n\n<p><strong><a href=\"https:\/\/www.revista.icidca.azcuba.cu\/wp-content\/uploads\/2026\/03\/articulo-1.pdf\" data-type=\"link\" data-id=\"https:\/\/www.revista.icidca.azcuba.cu\/wp-content\/uploads\/2026\/03\/articulo-1.pdf\">Evaluaci\u00f3n de bioproductos en plantaciones de semillas de ca\u00f1a de az\u00facar en el cultivar C86-12<\/a><\/strong><\/p>\n\n\n\n<p>Evaluation of bioproducts in sugarcane seed plantations in cultivar C86-12<\/p>\n\n\n\n<p>Irenaldo Delgado-Mora, Joel Zayas-Ponce, Duvier Gil-Gonz\u00e1lez, Osmany Aday-D\u00edaz, &nbsp;&nbsp;<\/p>\n\n\n\n<p>Lidier Hern\u00e1ndez-Grandela, H\u00e9ctor Jorge-S\u00faarez<strong><\/strong><\/p>\n\n\n\n<p><strong><a href=\"https:\/\/www.revista.icidca.azcuba.cu\/wp-content\/uploads\/2026\/03\/articulo-2.pdf\" data-type=\"link\" data-id=\"https:\/\/www.revista.icidca.azcuba.cu\/wp-content\/uploads\/2026\/03\/articulo-2.pdf\">Algoritmo de remuneraci\u00f3n por aporte al conocimiento en proyectos de ciencia, tecnolog\u00eda e innovaci\u00f3n<\/a><\/strong><\/p>\n\n\n\n<p>Algorithm of remuneration for contribution to knowledge in science, technology and innovation projects<\/p>\n\n\n\n<p>Reynaldo Rodr\u00edguez-Gross, Yaquelin Puchades-Izaguirre, M\u00e9rida Rodr\u00edguez-Regal,<\/p>\n\n\n\n<p>Ra\u00fal Sabad\u00ed-D\u00edaz, Mauricio Ribas-Garc\u00eda<strong><\/strong><\/p>\n\n\n\n<p><strong><a href=\"https:\/\/www.revista.icidca.azcuba.cu\/wp-content\/uploads\/2026\/03\/articulo-3.pdf\" data-type=\"link\" data-id=\"https:\/\/www.revista.icidca.azcuba.cu\/wp-content\/uploads\/2026\/03\/articulo-3.pdf\">Bioestimulante FITOMAS-T para incrementar el rendimiento del tabaco<\/a><\/strong><\/p>\n\n\n\n<p>FitoMas -T biostimulant to increase tobacco yields<\/p>\n\n\n\n<p>Adolfo Brown-G\u00f3mez, Dariellys Mart\u00ednez-Balmori, Susej Mayoral-Mart\u00ednez, Erick Medina-P\u00e1ez,<\/p>\n\n\n\n<p>Ivis Morales-P\u00e9rez, B\u00e1rbara Rodr\u00edguez-Gonz\u00e1lez, Ada I. Dussac-Cisneros, Rosepnis Reyna-Reyna<strong><\/strong><\/p>\n\n\n\n<p><strong><a href=\"https:\/\/www.revista.icidca.azcuba.cu\/wp-content\/uploads\/2026\/03\/articulo-4.pdf\" data-type=\"link\" data-id=\"https:\/\/www.revista.icidca.azcuba.cu\/wp-content\/uploads\/2026\/03\/articulo-4.pdf\">Zafra V. Ecuaci\u00f3n de balance de materiales del t\u00e1ndem<\/a><\/strong><\/p>\n\n\n\n<p>Zafra V. Sugarmill material balance equation<\/p>\n\n\n\n<p>Jorge T. Lodos-Fern\u00e1ndez, Ra\u00fal J. Sabad\u00ed-D\u00edaz<strong><\/strong><\/p>\n\n\n\n<p><strong><a href=\"https:\/\/www.revista.icidca.azcuba.cu\/wp-content\/uploads\/2026\/03\/articulo-5.pdf\" data-type=\"link\" data-id=\"https:\/\/www.revista.icidca.azcuba.cu\/wp-content\/uploads\/2026\/03\/articulo-5.pdf\">Bombas de calor en evaporaci\u00f3n, en centrales azucareros \u00bfs\u00ed o no?<\/a><\/strong><\/p>\n\n\n\n<p>Evaporative heat pumps in sugar mills: yes or no?<\/p>\n\n\n\n<p>Leopoldo Rostgaard-Beltr\u00e1n, Juan A. Godefoy-Fern\u00e1ndez, Abel Verdecia-Fonseca, Ra\u00fal Sabad\u00ed-D\u00edaz<strong><\/strong><\/p>\n\n\n\n<p><strong><a href=\"https:\/\/www.revista.icidca.azcuba.cu\/wp-content\/uploads\/2026\/03\/articulo-6.pdf\" data-type=\"link\" data-id=\"https:\/\/www.revista.icidca.azcuba.cu\/wp-content\/uploads\/2026\/03\/articulo-6.pdf\">Evaluaci\u00f3n del efecto de Greensulf en otros par\u00e1metros de calidad del az\u00facar crudo, en el proceso para su clarificaci\u00f3n<\/a><\/strong><\/p>\n\n\n\n<p>Evaluation of the effect of Greensulf on other quality parameters of raw sugar, in the process for its clarification<\/p>\n\n\n\n<p>Milaydis Reyna-Hern\u00e1ndez, Alejandra M. S\u00e1nchez-Herrera, Mar\u00eda A. Mesa-P\u00e9rez<strong><\/strong><\/p>\n\n\n\n<p><strong><a href=\"https:\/\/www.revista.icidca.azcuba.cu\/wp-content\/uploads\/2026\/03\/articulo-7.pdf\">Econom\u00eda Circular: Potencial de la vinaza sucro-alcoholera como medio de cultivo para microorganismos promotores del crecimiento vegetal<\/a><\/strong><\/p>\n\n\n\n<p>Circular economy: potential of sugarcane vinasse as a culture medium for plant growth-promoting microorganisms<\/p>\n\n\n\n<p>Mariela A. Torres, Carlos G. Nieto-Pe\u00f1alver, Hip\u00f3lito F. Pajot, Gisela Gonz\u00e1lez-Pardo,<\/p>\n\n\n\n<p>Georgina Michelena-\u00c1lvarez<strong><\/strong><\/p>\n\n\n\n<p><strong><a href=\"https:\/\/www.revista.icidca.azcuba.cu\/wp-content\/uploads\/2026\/03\/articulo-8.pdf\" data-type=\"link\" data-id=\"https:\/\/www.revista.icidca.azcuba.cu\/wp-content\/uploads\/2026\/03\/articulo-8.pdf\">Automatizaci\u00f3n del proceso de esterificaci\u00f3n de la isosorbida<\/a><\/strong><\/p>\n\n\n\n<p>Automation of isosorbide esterification process<\/p>\n\n\n\n<p>Marlen Lorenzo-Maiquez, Gilberto Mesa-Mena, Liney Gonz\u00e1lez-Mart\u00ednez, Odalis Capote-Pe\u00f1a<\/p>\n\n\n\n<p><strong><a href=\"https:\/\/www.revista.icidca.azcuba.cu\/wp-content\/uploads\/2026\/03\/articulo-9.pdf\" data-type=\"link\" data-id=\"https:\/\/www.revista.icidca.azcuba.cu\/wp-content\/uploads\/2026\/03\/articulo-9.pdf\">Mercado de carbono. Potencialidades para Cuba y la agroindustria azucarera<\/a><\/strong><\/p>\n\n\n\n<p>Carbon market: potential for Cuba and the sugar agroindustry<\/p>\n\n\n\n<p>Yadaxy Alonso-Miranda, Javier Horta-Garc\u00eda, Georgina Michelena-\u00c1lvarez<\/p>\n\n\n\n<p><strong><a href=\"https:\/\/www.revista.icidca.azcuba.cu\/wp-content\/uploads\/2026\/03\/articulo-10.pdf\">La gesti\u00f3n por competencias en la era digital: un imperativo para la sostenibilidad empresarial<\/a><\/strong><\/p>\n\n\n\n<p>Competency-based management in the digital age: An imperative for business sustainability<\/p>\n\n\n\n<p>Ernesto E. Hern\u00e1ndez-Calder\u00edn, Ricardo Claro-Gonz\u00e1lez, Yenisey P\u00e9rez-P\u00e9rez<strong><\/strong><\/p>\n\n\n\n<p><a href=\"https:\/\/www.revista.icidca.azcuba.cu\/wp-content\/uploads\/2026\/03\/articulo-11.pdf\"><strong>Comportamiento del color en la producci\u00f3n del sirope de fructooligosac\u00e1ridos,<\/strong> <strong>a partir de az\u00facares refino y crudo<\/strong><\/a><\/p>\n\n\n\n<p>Color behavior in the production of fructooligosaccharide syrup from raw and refined sugars Dayani Hern\u00e1ndez-Mor\u00e9, Elianne Bell-Anaya, Liney Gonz\u00e1lez-Mart\u00ednez, Odalys Capote-Pe\u00f1a<\/p>\n\n\n\n<p><\/p>\n","protected":false},"excerpt":{"rendered":"<p>Vol. 60, No. 1 \u2013 enero &#8211; abril &#8211; 2026 Evaluaci\u00f3n de bioproductos en plantaciones de semillas de ca\u00f1a de az\u00facar en el cultivar C86-12 Evaluation of bioproducts in sugarcane seed plantations in cultivar C86-12 Irenaldo Delgado-Mora, Joel Zayas-Ponce, Duvier Gil-Gonz\u00e1lez, Osmany Aday-D\u00edaz, &nbsp;&nbsp; Lidier Hern\u00e1ndez-Grandela, H\u00e9ctor Jorge-S\u00faarez Algoritmo de remuneraci\u00f3n por aporte al conocimiento&#8230;<\/p>\n","protected":false},"author":5,"featured_media":0,"parent":0,"menu_order":0,"comment_status":"closed","ping_status":"closed","template":"","meta":{"footnotes":""},"class_list":["post-2400","page","type-page","status-publish","hentry"],"yoast_head":"<!-- This site is optimized with the Yoast SEO plugin v18.5.1 - https:\/\/yoast.com\/wordpress\/plugins\/seo\/ -->\n<title>| Revista ICIDCA<\/title>\n<meta name=\"robots\" content=\"index, follow, max-snippet:-1, max-image-preview:large, max-video-preview:-1\" \/>\n<link rel=\"canonical\" href=\"https:\/\/www.revista.icidca.azcuba.cu\/?page_id=2400\" \/>\n<meta property=\"og:locale\" content=\"es_ES\" \/>\n<meta property=\"og:type\" content=\"article\" \/>\n<meta property=\"og:title\" content=\"| Revista ICIDCA\" \/>\n<meta property=\"og:description\" content=\"Vol. 60, No. 1 \u2013 enero &#8211; abril &#8211; 2026 Evaluaci\u00f3n de bioproductos en plantaciones de semillas de ca\u00f1a de az\u00facar en el cultivar C86-12 Evaluation of bioproducts in sugarcane seed plantations in cultivar C86-12 Irenaldo Delgado-Mora, Joel Zayas-Ponce, Duvier Gil-Gonz\u00e1lez, Osmany Aday-D\u00edaz, &nbsp;&nbsp; Lidier Hern\u00e1ndez-Grandela, H\u00e9ctor Jorge-S\u00faarez Algoritmo de remuneraci\u00f3n por aporte al conocimiento...\" \/>\n<meta property=\"og:url\" content=\"https:\/\/www.revista.icidca.azcuba.cu\/?page_id=2400\" \/>\n<meta property=\"og:site_name\" content=\"Revista ICIDCA\" \/>\n<meta property=\"article:modified_time\" content=\"2026-03-31T15:27:43+00:00\" \/>\n<meta name=\"twitter:card\" content=\"summary_large_image\" \/>\n<meta name=\"twitter:label1\" content=\"Est. reading time\" \/>\n\t<meta name=\"twitter:data1\" content=\"2 minutes\" \/>\n<script type=\"application\/ld+json\" class=\"yoast-schema-graph\">{\"@context\":\"https:\/\/schema.org\",\"@graph\":[{\"@type\":\"Organization\",\"@id\":\"https:\/\/www.revista.icidca.azcuba.cu\/#organization\",\"name\":\"www.revista.icidca.azcuba.cu\",\"url\":\"https:\/\/www.revista.icidca.azcuba.cu\/\",\"sameAs\":[],\"logo\":{\"@type\":\"ImageObject\",\"@id\":\"https:\/\/www.revista.icidca.azcuba.cu\/#logo\",\"inLanguage\":\"es-ES\",\"url\":\"https:\/\/www.revista.icidca.azcuba.cu\/wp-content\/uploads\/2022\/04\/logotipo-revista-ICIDCA.jpg\",\"contentUrl\":\"https:\/\/www.revista.icidca.azcuba.cu\/wp-content\/uploads\/2022\/04\/logotipo-revista-ICIDCA.jpg\",\"width\":299,\"height\":87,\"caption\":\"www.revista.icidca.azcuba.cu\"},\"image\":{\"@id\":\"https:\/\/www.revista.icidca.azcuba.cu\/#logo\"}},{\"@type\":\"WebSite\",\"@id\":\"https:\/\/www.revista.icidca.azcuba.cu\/#website\",\"url\":\"https:\/\/www.revista.icidca.azcuba.cu\/\",\"name\":\"Revista ICIDCA\",\"description\":\"revista icidca sobre los derivados de la ca\u00f1a de az\u00facar\",\"publisher\":{\"@id\":\"https:\/\/www.revista.icidca.azcuba.cu\/#organization\"},\"potentialAction\":[{\"@type\":\"SearchAction\",\"target\":{\"@type\":\"EntryPoint\",\"urlTemplate\":\"https:\/\/www.revista.icidca.azcuba.cu\/?s={search_term_string}\"},\"query-input\":\"required name=search_term_string\"}],\"inLanguage\":\"es-ES\"},{\"@type\":\"WebPage\",\"@id\":\"https:\/\/www.revista.icidca.azcuba.cu\/?page_id=2400#webpage\",\"url\":\"https:\/\/www.revista.icidca.azcuba.cu\/?page_id=2400\",\"name\":\"| Revista ICIDCA\",\"isPartOf\":{\"@id\":\"https:\/\/www.revista.icidca.azcuba.cu\/#website\"},\"datePublished\":\"2026-03-31T14:47:43+00:00\",\"dateModified\":\"2026-03-31T15:27:43+00:00\",\"breadcrumb\":{\"@id\":\"https:\/\/www.revista.icidca.azcuba.cu\/?page_id=2400#breadcrumb\"},\"inLanguage\":\"es-ES\",\"potentialAction\":[{\"@type\":\"ReadAction\",\"target\":[\"https:\/\/www.revista.icidca.azcuba.cu\/?page_id=2400\"]}]},{\"@type\":\"BreadcrumbList\",\"@id\":\"https:\/\/www.revista.icidca.azcuba.cu\/?page_id=2400#breadcrumb\",\"itemListElement\":[{\"@type\":\"ListItem\",\"position\":1,\"name\":\"Home\",\"item\":\"https:\/\/www.revista.icidca.azcuba.cu\/\"},{\"@type\":\"ListItem\",\"position\":2,\"name\":\"\"}]}]}<\/script>\n<!-- \/ Yoast SEO plugin. -->","yoast_head_json":{"title":"| Revista ICIDCA","robots":{"index":"index","follow":"follow","max-snippet":"max-snippet:-1","max-image-preview":"max-image-preview:large","max-video-preview":"max-video-preview:-1"},"canonical":"https:\/\/www.revista.icidca.azcuba.cu\/?page_id=2400","og_locale":"es_ES","og_type":"article","og_title":"| Revista ICIDCA","og_description":"Vol. 60, No. 1 \u2013 enero &#8211; abril &#8211; 2026 Evaluaci\u00f3n de bioproductos en plantaciones de semillas de ca\u00f1a de az\u00facar en el cultivar C86-12 Evaluation of bioproducts in sugarcane seed plantations in cultivar C86-12 Irenaldo Delgado-Mora, Joel Zayas-Ponce, Duvier Gil-Gonz\u00e1lez, Osmany Aday-D\u00edaz, &nbsp;&nbsp; Lidier Hern\u00e1ndez-Grandela, H\u00e9ctor Jorge-S\u00faarez Algoritmo de remuneraci\u00f3n por aporte al conocimiento...","og_url":"https:\/\/www.revista.icidca.azcuba.cu\/?page_id=2400","og_site_name":"Revista ICIDCA","article_modified_time":"2026-03-31T15:27:43+00:00","twitter_card":"summary_large_image","twitter_misc":{"Est. reading time":"2 minutes"},"schema":{"@context":"https:\/\/schema.org","@graph":[{"@type":"Organization","@id":"https:\/\/www.revista.icidca.azcuba.cu\/#organization","name":"www.revista.icidca.azcuba.cu","url":"https:\/\/www.revista.icidca.azcuba.cu\/","sameAs":[],"logo":{"@type":"ImageObject","@id":"https:\/\/www.revista.icidca.azcuba.cu\/#logo","inLanguage":"es-ES","url":"https:\/\/www.revista.icidca.azcuba.cu\/wp-content\/uploads\/2022\/04\/logotipo-revista-ICIDCA.jpg","contentUrl":"https:\/\/www.revista.icidca.azcuba.cu\/wp-content\/uploads\/2022\/04\/logotipo-revista-ICIDCA.jpg","width":299,"height":87,"caption":"www.revista.icidca.azcuba.cu"},"image":{"@id":"https:\/\/www.revista.icidca.azcuba.cu\/#logo"}},{"@type":"WebSite","@id":"https:\/\/www.revista.icidca.azcuba.cu\/#website","url":"https:\/\/www.revista.icidca.azcuba.cu\/","name":"Revista ICIDCA","description":"revista icidca sobre los derivados de la ca\u00f1a de az\u00facar","publisher":{"@id":"https:\/\/www.revista.icidca.azcuba.cu\/#organization"},"potentialAction":[{"@type":"SearchAction","target":{"@type":"EntryPoint","urlTemplate":"https:\/\/www.revista.icidca.azcuba.cu\/?s={search_term_string}"},"query-input":"required name=search_term_string"}],"inLanguage":"es-ES"},{"@type":"WebPage","@id":"https:\/\/www.revista.icidca.azcuba.cu\/?page_id=2400#webpage","url":"https:\/\/www.revista.icidca.azcuba.cu\/?page_id=2400","name":"| Revista ICIDCA","isPartOf":{"@id":"https:\/\/www.revista.icidca.azcuba.cu\/#website"},"datePublished":"2026-03-31T14:47:43+00:00","dateModified":"2026-03-31T15:27:43+00:00","breadcrumb":{"@id":"https:\/\/www.revista.icidca.azcuba.cu\/?page_id=2400#breadcrumb"},"inLanguage":"es-ES","potentialAction":[{"@type":"ReadAction","target":["https:\/\/www.revista.icidca.azcuba.cu\/?page_id=2400"]}]},{"@type":"BreadcrumbList","@id":"https:\/\/www.revista.icidca.azcuba.cu\/?page_id=2400#breadcrumb","itemListElement":[{"@type":"ListItem","position":1,"name":"Home","item":"https:\/\/www.revista.icidca.azcuba.cu\/"},{"@type":"ListItem","position":2,"name":""}]}]}},"_links":{"self":[{"href":"https:\/\/www.revista.icidca.azcuba.cu\/index.php?rest_route=\/wp\/v2\/pages\/2400","targetHints":{"allow":["GET"]}}],"collection":[{"href":"https:\/\/www.revista.icidca.azcuba.cu\/index.php?rest_route=\/wp\/v2\/pages"}],"about":[{"href":"https:\/\/www.revista.icidca.azcuba.cu\/index.php?rest_route=\/wp\/v2\/types\/page"}],"author":[{"embeddable":true,"href":"https:\/\/www.revista.icidca.azcuba.cu\/index.php?rest_route=\/wp\/v2\/users\/5"}],"replies":[{"embeddable":true,"href":"https:\/\/www.revista.icidca.azcuba.cu\/index.php?rest_route=%2Fwp%2Fv2%2Fcomments&post=2400"}],"version-history":[{"count":2,"href":"https:\/\/www.revista.icidca.azcuba.cu\/index.php?rest_route=\/wp\/v2\/pages\/2400\/revisions"}],"predecessor-version":[{"id":2404,"href":"https:\/\/www.revista.icidca.azcuba.cu\/index.php?rest_route=\/wp\/v2\/pages\/2400\/revisions\/2404"}],"wp:attachment":[{"href":"https:\/\/www.revista.icidca.azcuba.cu\/index.php?rest_route=%2Fwp%2Fv2%2Fmedia&parent=2400"}],"curies":[{"name":"wp","href":"https:\/\/api.w.org\/{rel}","templated":true}]}}